{"id":8946,"date":"2023-10-27T11:33:38","date_gmt":"2023-10-27T11:33:38","guid":{"rendered":"https:\/\/bridge501.qodeinteractive.com\/?page_id=8946"},"modified":"2024-10-03T12:21:11","modified_gmt":"2024-10-03T09:21:11","slug":"about","status":"publish","type":"page","link":"https:\/\/nikolagioka.com\/de\/uber\/","title":{"rendered":"\u00dcber uns"},"content":{"rendered":"<div data-elementor-type=\"wp-page\" data-elementor-id=\"8946\" class=\"elementor elementor-8946\" data-elementor-post-type=\"page\">\n\t\t\t\t<div class=\"elementor-element elementor-element-3cd4c37 e-con-full qode_elementor_container_inner e-flex parallax_section_no e-con e-parent\" data-id=\"3cd4c37\" data-element_type=\"container\">\n\t\t\t\t<\/div>\n\t\t<div class=\"elementor-element elementor-element-b8061db e-con-full qode_elementor_container_inner e-flex parallax_section_no e-con e-parent\" data-id=\"b8061db\" data-element_type=\"container\" data-settings=\"{&quot;background_background&quot;:&quot;classic&quot;}\">\n\t\t<div class=\"elementor-element elementor-element-571a765 e-con-full e-flex parallax_section_no qode_elementor_container_no e-con e-child\" data-id=\"571a765\" data-element_type=\"container\">\n\t\t\t\t<div class=\"elementor-element elementor-element-4fff1d4 elementor-widget elementor-widget-heading\" data-id=\"4fff1d4\" data-element_type=\"widget\" data-widget_type=\"heading.default\">\n\t\t\t\t<div class=\"elementor-widget-container\">\n\t\t\t<p class=\"elementor-heading-title elementor-size-default\">Willkommen bei NIKOLA GIOKA, wo hervorragende Herrenmode auf die Eleganz des modernen Stils trifft. Wir glauben, dass Kleidung nicht nur Kleidung ist, sondern ein Ausdruck von pers\u00f6nlichem Stil, Charakter und Selbstvertrauen.<\/p>\t\t<\/div>\n\t\t\t\t<\/div>\n\t\t\t\t<\/div>\n\t\t\t\t<\/div>\n\t\t<div class=\"elementor-element elementor-element-2b230a4 e-flex e-con-boxed parallax_section_no qode_elementor_container_no e-con e-parent\" data-id=\"2b230a4\" data-element_type=\"container\">\n\t\t\t\t\t<div class=\"e-con-inner\">\n\t\t\t\t\t<\/div>\n\t\t\t\t<\/div>\n\t\t<div class=\"elementor-element elementor-element-14db41e e-con-full qode_elementor_container_inner e-flex parallax_section_no e-con e-parent\" data-id=\"14db41e\" data-element_type=\"container\">\n\t\t<div class=\"elementor-element elementor-element-f17702c e-con-full e-flex parallax_section_no qode_elementor_container_no e-con e-child\" data-id=\"f17702c\" data-element_type=\"container\">\n\t\t\t\t<div class=\"elementor-element elementor-element-f23a787 elementor-widget elementor-widget-qi_addons_for_elementor_section_title\" data-id=\"f23a787\" data-element_type=\"widget\" data-widget_type=\"qi_addons_for_elementor_section_title.default\">\n\t\t\t\t<div class=\"elementor-widget-container\">\n\t\t\t<div class=\"qodef-shortcode qodef-m  qodef-qi-section-title  qodef-decoration--italic  qodef-link--underline-draw qodef-subtitle-icon--left\">\n\t\t\t\t\t\t<h2 class=\"qodef-m-title\">\n\t\tWer sind wir?\t<\/h2>\n\t\t\t<div class=\"qodef-m-text\"><p>Wir haben <b>NIKOLA GIOKA<\/b>\u00a0mit einem klaren Ziel: dem modernen Mann Kleidung zu bieten, die klassischen Stil mit moderner Raffinesse verbindet. Unsere Anz\u00fcge und Accessoires werden speziell ausgew\u00e4hlt und aus hochwertigen Stoffen gefertigt, um nicht nur den perfekten Look, sondern auch einen unvergleichlichen Komfort zu bieten.<\/p><\/div>\n\t<\/div>\n\t\t<\/div>\n\t\t\t\t<\/div>\n\t\t\t\t<\/div>\n\t\t<div class=\"elementor-element elementor-element-8bdc96b e-con-full e-flex parallax_section_no qode_elementor_container_no e-con e-child\" data-id=\"8bdc96b\" data-element_type=\"container\" data-settings=\"{&quot;background_background&quot;:&quot;classic&quot;}\">\n\t\t\t\t<div class=\"elementor-element elementor-element-e8490ae elementor-widget elementor-widget-image\" data-id=\"e8490ae\" data-element_type=\"widget\" data-widget_type=\"image.default\">\n\t\t\t\t<div class=\"elementor-widget-container\">\n\t\t\t\t\t\t\t\t\t\t\t\t\t<img fetchpriority=\"high\" decoding=\"async\" width=\"1024\" height=\"998\" src=\"https:\/\/nikolagioka.com\/wp-content\/uploads\/2024\/09\/r450-img0674-2jpg-15801128171021-1024x998.jpg\" class=\"attachment-large size-large wp-image-10457\" alt=\"\" srcset=\"https:\/\/nikolagioka.com\/wp-content\/uploads\/2024\/09\/r450-img0674-2jpg-15801128171021-1024x998.jpg 1024w, https:\/\/nikolagioka.com\/wp-content\/uploads\/2024\/09\/r450-img0674-2jpg-15801128171021-300x292.jpg 300w, https:\/\/nikolagioka.com\/wp-content\/uploads\/2024\/09\/r450-img0674-2jpg-15801128171021-768x749.jpg 768w, https:\/\/nikolagioka.com\/wp-content\/uploads\/2024\/09\/r450-img0674-2jpg-15801128171021-1536x1497.jpg 1536w, https:\/\/nikolagioka.com\/wp-content\/uploads\/2024\/09\/r450-img0674-2jpg-15801128171021-2048x1996.jpg 2048w, https:\/\/nikolagioka.com\/wp-content\/uploads\/2024\/09\/r450-img0674-2jpg-15801128171021-700x682.jpg 700w\" sizes=\"(max-width: 1024px) 100vw, 1024px\" \/>\t\t\t\t\t\t\t\t\t\t\t\t\t<\/div>\n\t\t\t\t<\/div>\n\t\t\t\t<\/div>\n\t\t\t\t<\/div>\n\t\t<div class=\"elementor-element elementor-element-a42043e e-con-full qode_elementor_container_inner e-flex parallax_section_no e-con e-parent\" data-id=\"a42043e\" data-element_type=\"container\">\n\t\t<div class=\"elementor-element elementor-element-a1dd20b e-con-full e-flex parallax_section_no qode_elementor_container_no e-con e-child\" data-id=\"a1dd20b\" data-element_type=\"container\" data-settings=\"{&quot;background_background&quot;:&quot;classic&quot;}\">\n\t\t\t\t<div class=\"elementor-element elementor-element-596a805 elementor-widget elementor-widget-image\" data-id=\"596a805\" data-element_type=\"widget\" data-widget_type=\"image.default\">\n\t\t\t\t<div class=\"elementor-widget-container\">\n\t\t\t\t\t\t\t\t\t\t\t\t\t<img decoding=\"async\" width=\"1024\" height=\"944\" src=\"https:\/\/nikolagioka.com\/wp-content\/uploads\/2024\/09\/r446-img0671-2jpg-1024x944.jpg\" class=\"attachment-large size-large wp-image-10450\" alt=\"\" srcset=\"https:\/\/nikolagioka.com\/wp-content\/uploads\/2024\/09\/r446-img0671-2jpg-1024x944.jpg 1024w, https:\/\/nikolagioka.com\/wp-content\/uploads\/2024\/09\/r446-img0671-2jpg-300x277.jpg 300w, https:\/\/nikolagioka.com\/wp-content\/uploads\/2024\/09\/r446-img0671-2jpg-768x708.jpg 768w, https:\/\/nikolagioka.com\/wp-content\/uploads\/2024\/09\/r446-img0671-2jpg-1536x1416.jpg 1536w, https:\/\/nikolagioka.com\/wp-content\/uploads\/2024\/09\/r446-img0671-2jpg-2048x1888.jpg 2048w, https:\/\/nikolagioka.com\/wp-content\/uploads\/2024\/09\/r446-img0671-2jpg-700x645.jpg 700w\" sizes=\"(max-width: 1024px) 100vw, 1024px\" \/>\t\t\t\t\t\t\t\t\t\t\t\t\t<\/div>\n\t\t\t\t<\/div>\n\t\t\t\t<\/div>\n\t\t<div class=\"elementor-element elementor-element-42b6fc1 e-con-full e-flex parallax_section_no qode_elementor_container_no e-con e-child\" data-id=\"42b6fc1\" data-element_type=\"container\">\n\t\t\t\t<div class=\"elementor-element elementor-element-70548d2 elementor-widget elementor-widget-qi_addons_for_elementor_section_title\" data-id=\"70548d2\" data-element_type=\"widget\" data-widget_type=\"qi_addons_for_elementor_section_title.default\">\n\t\t\t\t<div class=\"elementor-widget-container\">\n\t\t\t<div class=\"qodef-shortcode qodef-m  qodef-qi-section-title  qodef-decoration--italic  qodef-link--underline-draw qodef-subtitle-icon--left\">\n\t\t\t\t\t\t<h2 class=\"qodef-m-title\">\n\t\tWas bieten wir an?\t<\/h2>\n\t\t\t<div class=\"qodef-m-text\"><ul><li><strong>Exquisites Design<\/strong>A: Inspiriert von klassischen Linien mit einem modernen Twist, wird jeder unserer Anz\u00fcge sorgf\u00e4ltig entworfen, um die M\u00e4nnlichkeit und das Selbstvertrauen seines Tr\u00e4gers zu unterstreichen.<br \/><br \/><\/li><li><strong>Tadellose Qualit\u00e4t<\/strong>A: Wir verwenden nur die besten Materialien, um sicherzustellen, dass jeder Anzug nicht nur stilvoll, sondern auch langlebig ist.<br \/><br \/><\/li><li><strong>Individueller Ansatz<\/strong>A: Jede Figur ist anders, daher bieten wir ma\u00dfgeschneiderte L\u00f6sungen f\u00fcr die perfekte Passform, die genau auf den Kunden zugeschnitten ist.<\/li><\/ul><\/div>\n\t<\/div>\n\t\t<\/div>\n\t\t\t\t<\/div>\n\t\t\t\t<\/div>\n\t\t\t\t<\/div>\n\t\t<div class=\"elementor-element elementor-element-947c259 e-flex e-con-boxed parallax_section_no qode_elementor_container_no e-con e-parent\" data-id=\"947c259\" data-element_type=\"container\">\n\t\t\t\t\t<div class=\"e-con-inner\">\n\t\t\t\t\t<\/div>\n\t\t\t\t<\/div>\n\t\t\t\t<\/div>","protected":false},"excerpt":{"rendered":"<p>Willkommen bei NIKOLA GIOKA, wo hervorragende Herrenmode auf die Eleganz des modernen Stils trifft. Wir glauben, dass Kleidung nicht nur Kleidung ist, sondern ein Ausdruck von pers\u00f6nlichem Stil, Charakter und Selbstvertrauen. Wer sind wir? Wir haben NIKOLA GIOKA mit einem klaren Ziel gegr\u00fcndet: Wir wollen dem modernen Mann...<\/p>","protected":false},"author":1,"featured_media":0,"parent":0,"menu_order":0,"comment_status":"closed","ping_status":"closed","template":"full_width.php","meta":{"footnotes":""},"class_list":["post-8946","page","type-page","status-publish","hentry"],"aioseo_notices":[],"_links":{"self":[{"href":"https:\/\/nikolagioka.com\/de\/wp-json\/wp\/v2\/pages\/8946","targetHints":{"allow":["GET"]}}],"collection":[{"href":"https:\/\/nikolagioka.com\/de\/wp-json\/wp\/v2\/pages"}],"about":[{"href":"https:\/\/nikolagioka.com\/de\/wp-json\/wp\/v2\/types\/page"}],"author":[{"embeddable":true,"href":"https:\/\/nikolagioka.com\/de\/wp-json\/wp\/v2\/users\/1"}],"replies":[{"embeddable":true,"href":"https:\/\/nikolagioka.com\/de\/wp-json\/wp\/v2\/comments?post=8946"}],"version-history":[{"count":92,"href":"https:\/\/nikolagioka.com\/de\/wp-json\/wp\/v2\/pages\/8946\/revisions"}],"predecessor-version":[{"id":10752,"href":"https:\/\/nikolagioka.com\/de\/wp-json\/wp\/v2\/pages\/8946\/revisions\/10752"}],"wp:attachment":[{"href":"https:\/\/nikolagioka.com\/de\/wp-json\/wp\/v2\/media?parent=8946"}],"curies":[{"name":"wp","href":"https:\/\/api.w.org\/{rel}","templated":true}]}}